{"id":4416,"date":"2018-05-10T15:30:34","date_gmt":"2018-05-10T13:30:34","guid":{"rendered":"http:\/\/axebase.net\/blog\/?page_id=4416"},"modified":"2022-02-05T17:16:07","modified_gmt":"2022-02-05T16:16:07","slug":"privpol","status":"publish","type":"page","link":"https:\/\/axebase.net\/blog\/privpol\/","title":{"rendered":"Datenschutzerklaerung"},"content":{"rendered":"<p><strong>Datenschutzerkl\u00e4rung<\/strong><\/p>\n<ul>\n<li>Die Nutzung des Angebots axebase.net ist ohne Angaben personenbezogener Daten m\u00f6glich. F\u00fcr die Nutzung einzelner Services der Seite k\u00f6nnen sich hierf\u00fcr abweichende Regelungen ergeben, die in diesem Falle nachstehend gesondert erl\u00e4utert werden. Ihre personenbezogenen Daten (z.B. Name, Anschrift, eMail, Telefonnummer u.\u00e4.) werden vom Website-Betreiber nur gem\u00e4\u00df den Bestimmungen des deutschen Datenschutzrechts verarbeitet. Daten sind dann personenbezogen, wenn sie eindeutig einer bestimmten nat\u00fcrlichen Person zugeordnet werden k\u00f6nnen. Die rechtlichen Grundlagen des Datenschutzes finden Sie im Bundesdatenschutzgesetz (BDSG) und dem Telemediengesetz (TMG). Nachstehende Regelungen informieren Sie insoweit \u00fcber die Art, den Umfang und Zweck der Erhebung, die Nutzung und die Verarbeitung von personenbezogenen Daten durch den Anbieter.<\/li>\n<p><\/p>\n<li>Der Betreiber des Angebots:<br \/>\n<h1><img loading=\"lazy\" decoding=\"async\" class=\"alignleft size-full wp-image-1632\" title=\"shadr\" src=\"https:\/\/axebase.net\/blog\/wp-content\/uploads\/2006\/11\/shadr1.png\" alt=\"\" width=\"222\" height=\"119\" \/><\/h1>\n<h3><\/h3>\n<\/li>\n<p><\/p>\n<li>Der Website-Betreiber weist darauf hin, da\u00df die internetbasierte Daten\u00fcbertragung Sicherheitsl\u00fccken aufweist, ein l\u00fcckenloser Schutz vor Zugriffen durch Dritte somit unm\u00f6glich ist.<\/li>\n<p><\/p>\n<li>Cookies\n<p>Der Website-Betreiber verwendet Cookies zur Wiedererkennung mehrfacher Nutzung seines Angebots durch denselben Nutzer\/Inhaber des Internet-Zugangs. Cookies sind kleine Textdateien, die Ihr Webbrowser auf Ihrem Rechner speichert. Sie dienen zur Optimierung der Nutzung des Internet-Auftritts. Zumeist handelt es sich um Session-Cookies, die nach dem Ende Ihres Besuches wieder gel\u00f6scht werden. Teilweise geben diese Cookies Informationen ab, um Sie automatisch anhand Ihrer IP-Adresse wiederzuerkennen.<\/p>\n<p>Sie k\u00f6nnen das Speichern von Cookies durch eine entsprechende Konfiguraton Ihres Browsers verhindern.<\/p>\n<p>Beim Aufruf des Angebots axebase.net erfolgt durch das WP-Plugin &#8220;EU Cookie Law&#8221; eine Abfrage, ob Sie das Setzen von Cookies akzeptieren (accept). Stimmen Sie nicht zu, nutzen Sie das Angebot nicht! <\/p>\n<\/li>\n<li>Datenschutzerkl\u00e4rung f\u00fcr die Nutzung von &#8220;WP-Statistics&#8221;\n<p>Diese Website nutzt das Webanalyse-Add-on WP-Statistics mit nichtpersonalisierten Daten. Die IP-Adresse wird dabei anonymisiert. Eine Weitergabe an Dritte erfolgt nicht. Ein Abgleich der so erhobenen Daten mit m\u00f6glicherweise durch andere Komponenten dieser Seite erfa\u00dften Daten erfolgt ebenfalls nicht.<\/p>\n<p><!-- Die Speicherung und Nutzung Ihrer Daten k\u00f6nnen Sie durch Setzen eines Opt-out-Cookies in Ihrem Browser f\u00fcr 1 Jahr verhindern. Sollten Sie im Browser zwischengespeicherte Daten l\u00f6schen, mu\u00df das Opt-out bei einem erneuten Besuch dieser Seite erneut aktiviert werden.\n\n<br \/><a href=\"https:\/\/axebase.net\/blog\/privpol\/?wp_statistics_opt_out=1\">Opt-out-Cookie setzen.<\/a> | <a href=\"https:\/\/axebase.net\/blog\/privpol\/?wp_statistics_opt_out=0\">Opt-out-Cookie ablehnen.<\/a>\n-->\n<\/li>\n<li>Server-Daten\n<p>Aus technischen Gr\u00fcnden werden u.a. folgende Daten, die Ihr Webbrowser an den Seitenbetreiber bzw. an dessen Webspace-Provider sendet, erfa\u00dft (Serverlogs):<\/p>\n<ul>\n<li>Browser und -version<\/li>\n<li>Betriebssystem<\/li>\n<li>Webseite, von der aus dieses Angebot aufgerufen worden ist (Referrer URL)<\/li>\n<li>Webseite, die Sie besuchen<\/li>\n<li>Datum und Uhrzeit Ihres Zugriffs<\/li>\n<li>Ihre IP-Adresse<\/li>\n<\/ul>\n<p><\/p>\n<p>Diese anonymen Daten werden getrennt von Ihren eventuell angegebenen personenbezogenen Daten gespeichert und lassen so keine R\u00fcckschl\u00fcsse auf eine bestimmte Person zu. Sie k\u00f6nnen zu statistischen Zwecken ausgewertet und zur Optimierung des Website-Angebots verwendet werden.<\/li>\n<li>Kontaktm\u00f6glichkeit\n<p>\u00dcber die angegebene eMail-Adresse kann mit dem Website-Betreiber in Verbindung getreten werden. In diesem Fall werden die vom Nutzer gemachten Angaben zur Bearbeitung seiner Kontaktaufnahme gespeichert. Eine Weitergabe an Dritte erfolgt nicht. Ein Abgleich der so erhobenen Daten mit m\u00f6glicherweise durch andere Komponenten dieser Seite erfa\u00dften Daten erfolgt ebenfalls nicht.<\/li>\n<li>Kommentarm\u00f6glichkeit\n<p>Der Betreiber bietet Ihnen keine M\u00f6glichkeit des Kommentierens in diesem Blog. Somit k\u00f6nnen dar\u00fcber keine etwaigen personenbezogenen Daten erhoben und gespeichert werden.<\/li>\n<li>Auskunft\/Widerruf\/L\u00f6schung\n<p>Sie k\u00f6nnen sich aufgrund des Bundesdatenschutzgesetzes bei Fragen zur Erhebung, Verarbeitung oder Nutzung Ihrer personenbezogenen Daten und deren Berichtigung, Sperrung, L\u00f6schung oder einem Widerruf einer erteilten Einwilligung unentgeltlich an den Website-Betreiber wenden. Er weist darauf hin, dass Ihnen ein Recht auf Berichtigung falscher personenbezogener Daten oder L\u00f6schung personenbezogener Daten zusteht, sollte diesem Anspruch keine gesetzliche Aufbewahrungspflicht entgegenstehen.<\/li>\n<\/ul>\n<p><\/p>\n<p>Diese Datenschutzerkl\u00e4rung ist unter Zuhilfenahme der <a target=\"_blank\" href=\"https:\/\/www.ratgeberrecht.eu\/leistungen\/muster-datenschutzerklaerung.html\" rel=\"noopener\">Musterdatenschutzerkl\u00e4rung<\/a> der <a target=\"_blank\" href=\"https:\/\/www.ratgeberrecht.eu\/\" rel=\"noopener\">Anwaltskanzlei Wei\u00df &amp; Partner<\/a> erstellt worden.<\/p>\n<p><a href=\"https:\/\/axebase.net\/blog\/imprint\/\">Impressum<\/a><\/p>\n","protected":false},"excerpt":{"rendered":"<p>Datenschutzerkl\u00e4rung Die Nutzung des Angebots axebase.net ist ohne Angaben personenbezogener Daten m\u00f6glich. F\u00fcr die Nutzung einzelner Services der Seite k\u00f6nnen sich hierf\u00fcr abweichende Regelungen ergeben, die in diesem Falle nachstehend gesondert erl\u00e4utert werden. Ihre personenbezogenen Daten (z.B. Name, Anschrift, eMail, Telefonnummer u.\u00e4.) werden vom Website-Betreiber nur gem\u00e4\u00df den Bestimmungen des deutschen Datenschutzrechts verarbeitet. Daten sind [&hellip;]<\/p>\n","protected":false},"author":2,"featured_media":0,"parent":0,"menu_order":0,"comment_status":"closed","ping_status":"closed","template":"","meta":{"_crdt_document":"","footnotes":""},"class_list":["post-4416","page","type-page","status-publish","hentry"],"_links":{"self":[{"href":"https:\/\/axebase.net\/blog\/wp-json\/wp\/v2\/pages\/4416","targetHints":{"allow":["GET"]}}],"collection":[{"href":"https:\/\/axebase.net\/blog\/wp-json\/wp\/v2\/pages"}],"about":[{"href":"https:\/\/axebase.net\/blog\/wp-json\/wp\/v2\/types\/page"}],"author":[{"embeddable":true,"href":"https:\/\/axebase.net\/blog\/wp-json\/wp\/v2\/users\/2"}],"replies":[{"embeddable":true,"href":"https:\/\/axebase.net\/blog\/wp-json\/wp\/v2\/comments?post=4416"}],"version-history":[{"count":2,"href":"https:\/\/axebase.net\/blog\/wp-json\/wp\/v2\/pages\/4416\/revisions"}],"predecessor-version":[{"id":6212,"href":"https:\/\/axebase.net\/blog\/wp-json\/wp\/v2\/pages\/4416\/revisions\/6212"}],"wp:attachment":[{"href":"https:\/\/axebase.net\/blog\/wp-json\/wp\/v2\/media?parent=4416"}],"curies":[{"name":"wp","href":"https:\/\/api.w.org\/{rel}","templated":true}]}}